{"id":2,"date":"2010-01-15T11:39:18","date_gmt":"2010-01-15T17:39:18","guid":{"rendered":"http:\/\/alejandrozenker.com\/blog\/?page_id=2"},"modified":"2018-08-26T17:38:44","modified_gmt":"2018-08-26T22:38:44","slug":"about","status":"publish","type":"page","link":"https:\/\/alejandrozenker.com\/blog\/about\/","title":{"rendered":"Semblanza"},"content":{"rendered":"<p>Alejandro Zenker. M\u00e9xico, D.F. (1955). Editor, <a title=\"Traduceme.org\" href=\"http:\/\/www.traduceme.org\" target=\"_blank\">traductor <\/a>y <a title=\"La escritura y el deseo\" href=\"http:\/\/www.laescriturayeldeseo.com\" target=\"_blank\">fot\u00f3grafo<\/a>. Director general de <a href=\"http:\/\/www.solareditores.com\/empresa\/index.php?\/Nuestra-Empresa\/pf.html\" target=\"_blank\">Solar, Servicios Editoriales <\/a>y <a href=\"http:\/\/www.solareditores.com\/ede\/index.php?\/200911045\/FAQ\/preguntas-mas-frecuentes.html\" target=\"_blank\">Ediciones del Ermita\u00f1o<\/a>, y director del <a href=\"http:\/\/www.illac.com.mx\" target=\"_blank\">Instituto del Libro y la Lectura<\/a> (ILLAC).<\/p>\n<p><a href=\"http:\/\/alejandrozenker.com\/blog\/wp-content\/uploads\/2010\/01\/Fotos-Lau-varios-rolo-dos-0077-de-300-x-400l.jpg\"><img loading=\"lazy\" decoding=\"async\" src=\"http:\/\/alejandrozenker.com\/blog\/wp-content\/uploads\/2010\/01\/Fotos-Lau-varios-rolo-dos-0077-de-300-x-400l-225x300.jpg\" class=\"size-medium alignleft wp-image-294\" width=\"225\" height=\"300\" title=\"Fotos Lau varios rolo dos 0077 de 300 x 400l\" alt=\"\"><\/a>Entre muchos otros cargos y actividades fue fundador y presidente de la <a href=\"http:\/\/www.traduceme.org\" target=\"_blank\">Asociaci\u00f3n de Traductores Profesionales<\/a> (ATP) y miembro del Consejo de la Federaci\u00f3n Internacional de Traductores, en cuyo marco presidi\u00f3 el Comit\u00e9 para los Centros Regionales y fund\u00f3 el Centro Regional de los Pa\u00edses del Norte de Am\u00e9rica (M\u00e9xico, Estados Unidos y Canad\u00e1). Ocup\u00f3 el cargo de Secretario general de la Sociedad Iberoamericana de Estudios sobre la Traducci\u00f3n (SIET). Fue director general del Instituto Superior de Int\u00e9rpretes y Traductores, creador de las primeras licenciaturas en traducci\u00f3n e interpretaci\u00f3n en M\u00e9xico, y miembro de la mesa directiva de la Asociaci\u00f3n Mexicana de Ling\u00fc\u00edstica Aplicada (AMLA). Fue miembro fundador y secretario general de la Alianza de Editores Mexicanos Independientes (AEMI). Es director de la colecci\u00f3n Minimalia y de la revista <a href=\"http:\/\/www.quehacereditorial.com\" target=\"_blank\">Quehacer Editorial<\/a>, ambas de Ediciones del Ermita\u00f1o. Promotor y director del Pabell\u00f3n Tecnol\u00f3gico de la Feria Internacional del Libro en Guadalajara en el 2001, ha sido entusiasta difusor del uso de las nuevas tecnolog\u00edas en el medio editorial. Estudi\u00f3 pedagog\u00eda en Alemania y traducci\u00f3n en El Colegio de M\u00e9xico. Fue becario en Alemania del DAAD. Ha publicado gran cantidad de art\u00edculos sobre traducci\u00f3n y quehacer editorial e impartido conferencias a nivel nacional e internacional. En el terreno art\u00edstico se ha desempe\u00f1ado como <a href=\"http:\/\/www.laescriturayeldeseo.com\" target=\"_blank\">fot\u00f3grafo <\/a>y participado en numerosas exposiciones. Ha retratado a infinidad de escritores y artistas. Sus fotos ilustran ya m\u00e1s de veinte libros en los que alternan con el texto de reconocidos escritores en el marco del proyecto <a href=\"http:\/\/www.laescriturayeldeseo.com\" target=\"_blank\">&#8220;La escritura y el deseo&#8221;<\/a>. Tambi\u00e9n ha hecho un ejercicio sistem\u00e1tico de exploraci\u00f3n de la sensualidad y el erotismo por medio de su proyecto <a href=\"http:\/\/morfosintaxisdeldesnudo.ning.com\" target=\"_blank\">&#8220;Morfosintaxis del desnudo&#8221;<\/a>.<\/p>\n<p>Semblanza completa en <a href=\"https:\/\/www.linkedin.com\/in\/alejandrozenker\">LinkedIn<\/a><\/p>\n<p>Semblanza en PDF:\u00a0<a href=\"http:\/\/alejandrozenker.com\/blog\/wp-content\/uploads\/2010\/01\/Alejandro-Zenker-CV-LinkedIn.pdf\">Alejandro Zenker CV LinkedIn<\/a><\/p>\n","protected":false},"excerpt":{"rendered":"<p>Alejandro Zenker. M\u00e9xico, D.F. (1955). Editor, traductor y fot\u00f3grafo. Director general de Solar, Servicios Editoriales y Ediciones del Ermita\u00f1o, y director del Instituto del Libro y la Lectura (ILLAC). Entre muchos otros cargos y actividades fue fundador y presidente de la Asociaci\u00f3n de Traductores Profesionales (ATP) y miembro del Consejo de la Federaci\u00f3n Internacional de [&hellip;]<\/p>\n","protected":false},"author":2,"featured_media":0,"parent":0,"menu_order":0,"comment_status":"open","ping_status":"open","template":"","meta":{"_monsterinsights_skip_tracking":false,"_monsterinsights_sitenote_active":false,"_monsterinsights_sitenote_note":"","_monsterinsights_sitenote_category":0,"jetpack_post_was_ever_published":false,"footnotes":""},"class_list":["post-2","page","type-page","status-publish","hentry"],"aioseo_notices":[],"jetpack_shortlink":"https:\/\/wp.me\/POdts-2","jetpack_sharing_enabled":true,"_links":{"self":[{"href":"https:\/\/alejandrozenker.com\/blog\/wp-json\/wp\/v2\/pages\/2","targetHints":{"allow":["GET"]}}],"collection":[{"href":"https:\/\/alejandrozenker.com\/blog\/wp-json\/wp\/v2\/pages"}],"about":[{"href":"https:\/\/alejandrozenker.com\/blog\/wp-json\/wp\/v2\/types\/page"}],"author":[{"embeddable":true,"href":"https:\/\/alejandrozenker.com\/blog\/wp-json\/wp\/v2\/users\/2"}],"replies":[{"embeddable":true,"href":"https:\/\/alejandrozenker.com\/blog\/wp-json\/wp\/v2\/comments?post=2"}],"version-history":[{"count":17,"href":"https:\/\/alejandrozenker.com\/blog\/wp-json\/wp\/v2\/pages\/2\/revisions"}],"predecessor-version":[{"id":2965,"href":"https:\/\/alejandrozenker.com\/blog\/wp-json\/wp\/v2\/pages\/2\/revisions\/2965"}],"wp:attachment":[{"href":"https:\/\/alejandrozenker.com\/blog\/wp-json\/wp\/v2\/media?parent=2"}],"curies":[{"name":"wp","href":"https:\/\/api.w.org\/{rel}","templated":true}]}}